{"id":33,"date":"2013-08-19T18:18:11","date_gmt":"2013-08-19T16:18:11","guid":{"rendered":"http:\/\/parafia.kleczew.pl\/?page_id=33"},"modified":"2024-08-10T20:13:36","modified_gmt":"2024-08-10T18:13:36","slug":"kontakt","status":"publish","type":"page","link":"https:\/\/parafia.kleczew.pl\/index.php\/kontakt\/","title":{"rendered":"Duszpasterze"},"content":{"rendered":"<p><strong>Parafia pw. \u015bw. Andrzeja Ap.<br \/>\n<\/strong>62-540 Kleczew<br \/>\nul. Ko\u015bcielna 8<br \/>\ntel. 63\/270.10.12<\/p>\n<p><strong>Proboszcz<\/strong><br \/>\nks. Krzysztof OPIO\u0141A<\/p>\n<p><strong>Wikariusz<\/strong><br \/>\nks. Rafa\u0142 P\u0118CHORZEWSKI<\/p>\n<p><strong>TELEFONY:<\/strong><br \/>\nKs. Krzysztof Opio\u0142a 63\/270.10.12<br \/>\nKs. Rafa\u0142 P\u0119chorzewski 63\/270.14.71<\/p>\n","protected":false},"excerpt":{"rendered":"<div class=\"mh-excerpt\"><p>Parafia pw. \u015bw. Andrzeja Ap. 62-540 Kleczew ul. Ko\u015bcielna 8 tel. 63\/270.10.12 Proboszcz ks. Krzysztof OPIO\u0141A Wikariusz ks. Rafa\u0142 P\u0118CHORZEWSKI TELEFONY: Ks. Krzysztof Opio\u0142a 63\/270.10.12 <a class=\"mh-excerpt-more\" href=\"https:\/\/parafia.kleczew.pl\/index.php\/kontakt\/\" title=\"Duszpasterze\">[&#8230;]<\/a><\/p>\n<\/div>","protected":false},"author":1,"featured_media":0,"parent":0,"menu_order":0,"comment_status":"closed","ping_status":"closed","template":"","meta":{"footnotes":""},"class_list":["post-33","page","type-page","status-publish","hentry"],"_links":{"self":[{"href":"https:\/\/parafia.kleczew.pl\/index.php\/wp-json\/wp\/v2\/pages\/33","targetHints":{"allow":["GET"]}}],"collection":[{"href":"https:\/\/parafia.kleczew.pl\/index.php\/wp-json\/wp\/v2\/pages"}],"about":[{"href":"https:\/\/parafia.kleczew.pl\/index.php\/wp-json\/wp\/v2\/types\/page"}],"author":[{"embeddable":true,"href":"https:\/\/parafia.kleczew.pl\/index.php\/wp-json\/wp\/v2\/users\/1"}],"replies":[{"embeddable":true,"href":"https:\/\/parafia.kleczew.pl\/index.php\/wp-json\/wp\/v2\/comments?post=33"}],"version-history":[{"count":11,"href":"https:\/\/parafia.kleczew.pl\/index.php\/wp-json\/wp\/v2\/pages\/33\/revisions"}],"predecessor-version":[{"id":5047,"href":"https:\/\/parafia.kleczew.pl\/index.php\/wp-json\/wp\/v2\/pages\/33\/revisions\/5047"}],"wp:attachment":[{"href":"https:\/\/parafia.kleczew.pl\/index.php\/wp-json\/wp\/v2\/media?parent=33"}],"curies":[{"name":"wp","href":"https:\/\/api.w.org\/{rel}","templated":true}]}}