{"id":433,"date":"2014-02-19T16:56:03","date_gmt":"2014-02-19T15:56:03","guid":{"rendered":"http:\/\/parafia.kleczew.pl\/?page_id=433"},"modified":"2014-02-19T16:58:09","modified_gmt":"2014-02-19T15:58:09","slug":"civitas-christiana","status":"publish","type":"page","link":"https:\/\/parafia.kleczew.pl\/index.php\/civitas-christiana\/","title":{"rendered":"Civitas Christiana"},"content":{"rendered":"<p align=\"center\"><img loading=\"lazy\" decoding=\"async\" class=\"alignleft size-full wp-image-434\" alt=\"images\" src=\"http:\/\/parafia.kleczew.pl\/wp-content\/uploads\/2014\/02\/images.jpg\" width=\"202\" height=\"210\" \/><\/p>\n<p align=\"center\"><b><i>Istota, cele i zadania Katolickiego Stowarzyszenia \u201eCivitas Christiana\u201d<\/i><\/b><\/p>\n<p>\u00a0\u00a0\u00a0\u00a0\u00a0\u00a0\u00a0\u00a0\u00a0\u00a0\u00a0 Stowarzyszenia \u201eCivitas Christiana\u201d powsta\u0142o 28 maja 1993 roku w wyniku krytycznej autorefleksji \u00f3wczesnego Stowarzyszenia \u201ePAX\u201d nad swoj\u0105 histori\u0105 i jako odpowiedzi na now\u0105 rzeczywisto\u015b\u0107, zapocz\u0105tkowan\u0105 pontyfikatem Jana Paw\u0142a II w 1978 roku, powstaniem \u201eSolidarno\u015bci\u201d w 1980 roku i przemianami w roku 1989.<\/p>\n<p>Cztery lata p\u00f3\u017aniej tj. w 1997 roku Dekretem Konferencji Episkopatu Polski Stowarzyszenie otrzyma\u0142o status stowarzyszenia katolickiego. Odt\u0105d Stowarzyszenie jest organizacj\u0105 katolick\u0105, cho\u0107 nie ko\u015bcieln\u0105, jak to jest w przypadku r\u00f3\u017cnych ruch\u00f3w i stowarzysze\u0144 katolickich, dzia\u0142aj\u0105cych wewn\u0105trz Ko\u015bcio\u0142a. Stowarzyszenie jest organizacj\u0105 og\u00f3lnopolsk\u0105, pragn\u0105c\u0105 wsp\u00f3\u0142kszta\u0142towa\u0107 polsk\u0105 rzeczywisto\u015b\u0107 w duchu Nauki Spo\u0142ecznej Ko\u015bcio\u0142a, przygotowuj\u0105c katolik\u00f3w \u015bwieckich do s\u0142u\u017cby<\/p>\n<p><img loading=\"lazy\" decoding=\"async\" class=\"alignleft  wp-image-435\" alt=\"Stefan_Wyszy\u0144ski\" src=\"http:\/\/parafia.kleczew.pl\/wp-content\/uploads\/2014\/02\/Stefan_Wyszy\u0144ski.jpg\" width=\"194\" height=\"258\" srcset=\"https:\/\/parafia.kleczew.pl\/wp-content\/uploads\/2014\/02\/Stefan_Wyszy\u0144ski.jpg 302w, https:\/\/parafia.kleczew.pl\/wp-content\/uploads\/2014\/02\/Stefan_Wyszy\u0144ski-225x300.jpg 225w\" sizes=\"auto, (max-width: 194px) 100vw, 194px\" \/><\/p>\n<p>Ko\u015bcio\u0142owi i Narodowi. Swoj\u0105 misj\u0119 wype\u0142nia w trzech podstawowych warstwach swego anga\u017cowania, to jest w sferze w\u0142a\u015bciwej poj\u0119tej kulturze, rodziny oraz samorz\u0105dno\u015bci. Posiada czterna\u015bcie Oddzia\u0142\u00f3w Okr\u0119gowych i liczne Oddzia\u0142y Terenowe. Sama nazwa \u201eCivitas Christiana\u201d zaczerpni\u0119ta zosta\u0142a od \u015bwi\u0119tego Augustyna i oznacza \u201espo\u0142ecze\u0144stwo chrze\u015bcija\u0144skie\u201d.<\/p>\n<p>Stowarzyszenie jest fundatorem og\u00f3lnopolskiej nagrody imienia W\u0142odzimierza Pietrzaka, kt\u00f3ra zrodzi\u0142a si\u0119 z troski o poczucie odpowiedzialno\u015bci za katolick\u0105 tw\u00f3rczo\u015b\u0107 kulturaln\u0105 i intelektualn\u0105 w naszym kraju w czasach, kiedy mecenat pa\u0144stwowy preferowa\u0142 ateistyczny system warto\u015bci.<\/p>\n<p>Zaanga\u017cowanie na rzecz rodziny zaowocowa\u0142o wieloma formami dzia\u0142alno\u015bci, takimi jak np. doroczne \u201eSejmiki rodzinne\u201d ale tak\u017ce poradnie rodzinne, kluby rodzin wielodzietnych, gminne dni rodziny, inicjatywy charytatywne i tym podobne.<\/p>\n<p>Dzia\u0142alno\u015b\u0107 samorz\u0105dowa to przede wszystkim aktywno\u015b\u0107 radnych Stowarzyszenia w samorz\u0105dach r\u00f3\u017cnych szczebli.<\/p>\n<p>Du\u017cym zainteresowaniem i powodzeniem cieszy si\u0119 organizowany co roku przez Stowarzyszenie Og\u00f3lnopolski Konkurs Wiedzy Biblijnej, w kt\u00f3rym w poszczeg\u00f3lnych etapach bierze udzia\u0142 kilka tysi\u0119cy m\u0142odzie\u017cy szk\u00f3\u0142 ponadgimnazjalnych z ca\u0142ej Polski.<\/p>\n<p>Ka\u017cdego roku cz\u0142onkowie Stowarzyszenia pielgrzymuj\u0105 do trzech wa\u017cnych miejsc \u2013 do Grobu \u015bwi\u0119tego Wojciecha w Gnie\u017anie, na Jasn\u0105 G\u00f3r\u0119 i do kaliskiego Sanktuarium \u015bwi\u0119tego J\u00f3zefa.<\/p>\n<p>Stowarzyszenie posiada sw\u00f3j Instytut Wydawniczy \u201ePAX\u201d, kt\u00f3ry kiedy\u015b by\u0142 jedyn\u0105 katolick\u0105 oficyn\u0105 wydawnicz\u0105. Stowarzyszenie wydaje te\u017c dwumiesi\u0119cznik \u201eSpo\u0142ecze\u0144stwo\u201d oraz miesi\u0119cznik \u201eNasz G\u0142os\u201d.<\/p>\n","protected":false},"excerpt":{"rendered":"<div class=\"mh-excerpt\"><p>Istota, cele i zadania Katolickiego Stowarzyszenia \u201eCivitas Christiana\u201d \u00a0\u00a0\u00a0\u00a0\u00a0\u00a0\u00a0\u00a0\u00a0\u00a0\u00a0 Stowarzyszenia \u201eCivitas Christiana\u201d powsta\u0142o 28 maja 1993 roku w wyniku krytycznej autorefleksji \u00f3wczesnego Stowarzyszenia \u201ePAX\u201d nad <a class=\"mh-excerpt-more\" href=\"https:\/\/parafia.kleczew.pl\/index.php\/civitas-christiana\/\" title=\"Civitas Christiana\">[&#8230;]<\/a><\/p>\n<\/div>","protected":false},"author":1,"featured_media":0,"parent":0,"menu_order":0,"comment_status":"closed","ping_status":"open","template":"","meta":{"footnotes":""},"class_list":["post-433","page","type-page","status-publish","hentry"],"_links":{"self":[{"href":"https:\/\/parafia.kleczew.pl\/index.php\/wp-json\/wp\/v2\/pages\/433","targetHints":{"allow":["GET"]}}],"collection":[{"href":"https:\/\/parafia.kleczew.pl\/index.php\/wp-json\/wp\/v2\/pages"}],"about":[{"href":"https:\/\/parafia.kleczew.pl\/index.php\/wp-json\/wp\/v2\/types\/page"}],"author":[{"embeddable":true,"href":"https:\/\/parafia.kleczew.pl\/index.php\/wp-json\/wp\/v2\/users\/1"}],"replies":[{"embeddable":true,"href":"https:\/\/parafia.kleczew.pl\/index.php\/wp-json\/wp\/v2\/comments?post=433"}],"version-history":[{"count":2,"href":"https:\/\/parafia.kleczew.pl\/index.php\/wp-json\/wp\/v2\/pages\/433\/revisions"}],"predecessor-version":[{"id":438,"href":"https:\/\/parafia.kleczew.pl\/index.php\/wp-json\/wp\/v2\/pages\/433\/revisions\/438"}],"wp:attachment":[{"href":"https:\/\/parafia.kleczew.pl\/index.php\/wp-json\/wp\/v2\/media?parent=433"}],"curies":[{"name":"wp","href":"https:\/\/api.w.org\/{rel}","templated":true}]}}