{"id":644,"date":"2014-09-11T20:07:06","date_gmt":"2014-09-11T18:07:06","guid":{"rendered":"http:\/\/parafia.kleczew.pl\/?page_id=644"},"modified":"2014-09-11T20:13:49","modified_gmt":"2014-09-11T18:13:49","slug":"caritas","status":"publish","type":"page","link":"https:\/\/parafia.kleczew.pl\/index.php\/caritas\/","title":{"rendered":"Caritas"},"content":{"rendered":"<p><a href=\"http:\/\/parafia.kleczew.pl\/wp-content\/uploads\/2014\/09\/Caritas.png\"><img loading=\"lazy\" decoding=\"async\" class=\"alignleft size-full wp-image-645\" alt=\"Caritas\" src=\"http:\/\/parafia.kleczew.pl\/wp-content\/uploads\/2014\/09\/Caritas.png\" width=\"342\" height=\"103\" srcset=\"https:\/\/parafia.kleczew.pl\/wp-content\/uploads\/2014\/09\/Caritas.png 342w, https:\/\/parafia.kleczew.pl\/wp-content\/uploads\/2014\/09\/Caritas-300x90.png 300w\" sizes=\"auto, (max-width: 342px) 100vw, 342px\" \/><\/a><\/p>\n<p>&nbsp;<\/p>\n<p>&nbsp;<\/p>\n<p>&nbsp;<\/p>\n<p>&nbsp;<\/p>\n<p>Caritas przy parafii p.w. \u015bw. Andrzeja w Kleczewie<\/p>\n<p>Dzia\u0142alno\u015b\u0107 dobroczynna nale\u017cy do istoty Ko\u015bcio\u0142a. Poprzez lata przybiera\u0142a ona r\u00f3\u017cnorodn\u0105 posta\u0107. Na pocz\u0105tku XX wieku przyj\u0119\u0142a ona posta\u0107 instytucji o nazwie CARITAS. Szczeg\u00f3lny rozw\u00f3j CARITAS mia\u0142 miejsce po II wojnie \u015bwiatowej, ale \u2013 niestety \u2013 w 1950 roku w wyniku decyzji \u00f3wczesnych w\u0142adz pa\u0144stwowych CARITAS przesta\u0142a istnie\u0107, a ca\u0142y maj\u0105tek zosta\u0142 upa\u0144stwowiony. Po blisko 40 latach na mocy ustawy o stosunku pa\u0144stwa do Ko\u015bcio\u0142a Katolickiego w Rzeczypospolitej Polskiej z dnia 17 maja 1989 r. Ksi\u0105dz Prymas, \u00f3wczesny Arcybiskup i Metropolita Gnie\u017anie\u0144ski, dnia 20 grudnia tego\u017c roku swoim dekretem powo\u0142a\u0142 do istnienia CARITAS Archidiecezji Gnie\u017anie\u0144skiej. W dekrecie tym czytamy m.in.: \u201enawi\u0105zuj\u0105c do najlepszych tradycji Ko\u015bcio\u0142a Katolickiego, kt\u00f3ry z woli swego Za\u0142o\u017cyciela Jezusa Chrystusa troszczy si\u0119 o ka\u017cdego cz\u0142owieka, o jego potrzeby duchowe i materialne; traktuj\u0105c zaanga\u017cowanie na rzecz sprawiedliwo\u015bci i mi\u0142osierdzia jako istotn\u0105 cz\u0119\u015b\u0107 ewangelizacji (\u2026) niniejszym powo\u0142uj\u0119 do istnienia CARITAS ARCHIDIECEZJI GNIE\u0179NIE\u0143SKIEJ\u201d. Podstawowym celem dzia\u0142alno\u015bci Caritas naszej Archidiecezji jest \u2013 zgodnie z jej statutem \u2013 \u201eszerzenie oraz praktyczne realizowanie nauki Jezusa Chrystusa o mi\u0142osierdziu chrze\u015bcija\u0144skim\u201d.<br \/>\n&nbsp;<br \/>\nW wielkie dzie\u0142o CARITASU w naszej Archidiecezji w 2007 roku w\u0142\u0105czy\u0142a si\u0119 r\u00f3wnie\u017c nasza parafia na mocy dekretu wydanego przez arcybiskupa Henryka Muszy\u0144skiego powo\u0142uj\u0105cego oddzia\u0142 parafialny w Kleczewie. Pierwsze podj\u0119te dzie\u0142o przez wolontariuszy Caritasu w naszej parafii polega\u0142o na uporz\u0105dkowaniu oraz przygotowaniu pomieszcze\u0144 domu parafialnego na potrzeby dzia\u0142alno\u015bci charytatywnej.<br \/>\n&nbsp;<br \/>\nParafialny oddzia\u0142 Caritasu korzysta g\u0142\u00f3wnie z pomocy Caritas Gniezno pozyskuj\u0105c r\u00f3\u017cne produkty \u017cywno\u015bciowe, kt\u00f3re mo\u017cna p\u00f3\u017aniej rozda\u0107 potrzebuj\u0105cym ale tak\u017ce stara si\u0119 pozyskiwa\u0107 fundusze na swoj\u0105 dzia\u0142alno\u015b\u0107 dzi\u0119ki w\u0142asnym inicjatywom. Jedn\u0105 z pierwszych wa\u017cnych inicjatyw by\u0142o zorganizowanie po raz pierwszy 26 lipca 2009 roku festynu dobroczynnego pod has\u0142em \u201eTornister dla ucznia\u201d. Dzi\u0119ki zaanga\u017cowaniu wielu \u017cyczliwych parafian oraz wolontariuszy uda\u0142o si\u0119 uzbiera\u0107 \u015brodki na zakup tornistr\u00f3w, ksi\u0105\u017cek, oraz przybor\u00f3w szkolnych dla dzieci z biedniejszych rodzin.<br \/>\n&nbsp;<br \/>\nKolejny festyn odby\u0142 si\u0119 31 lipca 2010 roku pod has\u0142em \u201eWszystkie dzieci nasze s\u0105\u201d. Uzyskane \u015brodki z tego festynu zosta\u0142y przeznaczone na potrzeby dzieci przewlekle chorych z naszej parafii. Natomiast 16 lipca 2011 roku festyn zorganizowany przez Caritas w naszej parafii odby\u0142 si\u0119 pod has\u0142em \u201eKa\u017cdy wiek cz\u0142owieka jest pi\u0119kny i ma swoje prawa\u201d i zwr\u00f3ci\u0142 uwag\u0119 na potrzeby os\u00f3b starszych, schorowanych i samotnych. Dzi\u0119ki uzyskanym \u015brodkom z tego festynu mo\u017cna by\u0142o zorganizowa\u0107 wyjazd tych os\u00f3b do sanktuarium w Licheniu. Ostatnia tego typu akcja zosta\u0142a przeprowadzona w 2012 roku pod has\u0142em \u201eKulturalne lato z Caritasem\u201d. Dzi\u0119ki tej akcji dzieci mog\u0142y uczestniczy\u0107 w r\u00f3\u017cnych wyjazdach w czasie wakacji.<br \/>\n&nbsp;<br \/>\nOpr\u00f3cz wymienionych powy\u017cej festyn\u00f3w wolontariusze Caritasu w naszej parafii podejmuj\u0105 bardzo wiele innych jeszcze dzie\u0142 s\u0142u\u017c\u0105cych pomocy najbardziej potrzebuj\u0105cym. Wolontariusze przede wszystkim staraj\u0105 si\u0119 regularnie (2 razy w tygodniu) podejmowa\u0107 dy\u017cury w siedzibie Caritasu by wydawa\u0107 \u017cywno\u015b\u0107 i odzie\u017c podopiecznym. Co jaki\u015b czas zbieraj\u0105 przy ko\u015bciele do puszek ofiary na potrzeby bie\u017c\u0105ce ale tak\u017ce w sytuacji gdy zachodzi taka potrzeba np. jakiego\u015b nieszcz\u0119\u015bliwego kataklizmu. Przed \u015bwi\u0119tami Bo\u017cego Narodzenia oraz \u015bwi\u0105t Wielkanocnych przeprowadzaj\u0105 zbi\u00f3rki \u017cywno\u015bci anga\u017cuj\u0105c do tej akcji tak\u017ce m\u0142odzie\u017c, kt\u00f3ra bardzo ch\u0119tnie pe\u0142ni dy\u017cury przy koszach z \u017cywno\u015bci\u0105. W grudniu organizowane jest r\u00f3wnie\u017c spotkanie ze \u015bw. Miko\u0142ajem, najm\u0142odsi podopieczni otrzymuj\u0105 wtedy s\u0142odkie upominki od \u015bw. Miko\u0142aja. Od wielu lat w przygotowanie paczek \u015bwi\u0105tecznych anga\u017cuj\u0105 si\u0119 uczniowie miejscowego Liceum im. Adama Mickiewicza. Co roku ka\u017cda klasa otrzymuje karteczk\u0119 z imieniem i wiekiem dziecka i przygotowuje dla niego odpowiedni\u0105 paczk\u0119. W 2013 roku po raz pierwszy podobn\u0105 akcj\u0119 zorganizowano w ko\u015bciele, w specjalnym koszyczku przed o\u0142tarzem znajdowa\u0142y si\u0119 karteczki z imionami dzieci i ka\u017cdy parafianin m\u00f3g\u0142 wybra\u0107 sobie dziecko dla kt\u00f3rego przygotowa\u0142 prezent na \u015bwi\u0119ta Bo\u017cego Narodzenia. Dzi\u0119ki tym akcjom na twarzy bardzo wielu dzieci pojawi\u0142 si\u0119 u\u015bmiech pe\u0142en wdzi\u0119czno\u015bci za to \u017ce zosta\u0142y obdarowane pi\u0119knymi prezentami.<br \/>\n&nbsp;<br \/>\nWolontariusze Caritasu staraj\u0105 si\u0119 organizowa\u0107 r\u00f3\u017cnego typu wyjazdy z dzie\u0107mi do Juraparku w Rogowie czy w Solcu Kujawskim oraz parku miniatur w Koninie. Ca\u0142y czas prowadzone s\u0105 tak\u017ce w miesi\u0105cach wakacyjnych akcje tornister dla ucznia. Oraz wiele innych jeszcze akcji cz\u0119sto bardzo cichych i ukrytych maj\u0105cych na celu pomoc najbardziej potrzebuj\u0105cym z naszej parafii.<br \/>\n&nbsp;<br \/>\nWszystkie te konkretne dzie\u0142a mi\u0142o\u015bci chrze\u015bcija\u0144skiej do drugiego cz\u0142owieka nie by\u0142yby mo\u017cliwe gdyby nie ofiarna i bezinteresowna pomoc wolontariuszy oraz ludzi dobrej woli. W akcje Caritasu anga\u017cuje si\u0119 zawsze wielu \u017cyczliwych parafian, r\u00f3\u017cne firmy i przedsi\u0119biorstwa. \u017byczliwa pomoc \u015bwiadczy r\u00f3wnie\u017c Urz\u0105d Miasta i Gminy Kleczew, O\u015brodek Pomocy Spo\u0142ecznej oraz Dom Kultury. Za t\u0105 wszelk\u0105 pomoc i zaanga\u017cowanie wszystkim sk\u0142adamy serdeczne B\u00f3g zap\u0142a\u0107!<\/p>\n","protected":false},"excerpt":{"rendered":"<div class=\"mh-excerpt\"><p>&nbsp; &nbsp; &nbsp; &nbsp; Caritas przy parafii p.w. \u015bw. Andrzeja w Kleczewie Dzia\u0142alno\u015b\u0107 dobroczynna nale\u017cy do istoty Ko\u015bcio\u0142a. Poprzez lata przybiera\u0142a ona r\u00f3\u017cnorodn\u0105 posta\u0107. Na <a class=\"mh-excerpt-more\" href=\"https:\/\/parafia.kleczew.pl\/index.php\/caritas\/\" title=\"Caritas\">[&#8230;]<\/a><\/p>\n<\/div>","protected":false},"author":1,"featured_media":0,"parent":0,"menu_order":0,"comment_status":"closed","ping_status":"open","template":"","meta":{"footnotes":""},"class_list":["post-644","page","type-page","status-publish","hentry"],"_links":{"self":[{"href":"https:\/\/parafia.kleczew.pl\/index.php\/wp-json\/wp\/v2\/pages\/644","targetHints":{"allow":["GET"]}}],"collection":[{"href":"https:\/\/parafia.kleczew.pl\/index.php\/wp-json\/wp\/v2\/pages"}],"about":[{"href":"https:\/\/parafia.kleczew.pl\/index.php\/wp-json\/wp\/v2\/types\/page"}],"author":[{"embeddable":true,"href":"https:\/\/parafia.kleczew.pl\/index.php\/wp-json\/wp\/v2\/users\/1"}],"replies":[{"embeddable":true,"href":"https:\/\/parafia.kleczew.pl\/index.php\/wp-json\/wp\/v2\/comments?post=644"}],"version-history":[{"count":4,"href":"https:\/\/parafia.kleczew.pl\/index.php\/wp-json\/wp\/v2\/pages\/644\/revisions"}],"predecessor-version":[{"id":650,"href":"https:\/\/parafia.kleczew.pl\/index.php\/wp-json\/wp\/v2\/pages\/644\/revisions\/650"}],"wp:attachment":[{"href":"https:\/\/parafia.kleczew.pl\/index.php\/wp-json\/wp\/v2\/media?parent=644"}],"curies":[{"name":"wp","href":"https:\/\/api.w.org\/{rel}","templated":true}]}}